{"id":318,"date":"2024-09-09T20:12:59","date_gmt":"2024-09-09T18:12:59","guid":{"rendered":"https:\/\/eniware-systems.com\/?page_id=318"},"modified":"2025-01-27T11:46:30","modified_gmt":"2025-01-27T10:46:30","slug":"services","status":"publish","type":"page","link":"https:\/\/eniware-systems.com\/en\/services\/","title":{"rendered":"Our Services"},"content":{"rendered":"<div class=\"n2_clear\"><ss3-force-full-width data-overflow-x=\"body\" data-horizontal-selector=\"body\"><div class=\"n2-section-smartslider fitvidsignore  n2_clear\" data-ssid=\"3\"><div id=\"n2-ss-3-align\" class=\"n2-ss-align\"><div class=\"n2-padding\"><div id=\"n2-ss-3\" data-creator=\"Smart Slider 3\" data-responsive=\"fullwidth\" class=\"n2-ss-slider n2-ow n2-has-hover n2notransition\">\n        <div class=\"n2-ss-slider-1 n2-ow\">\n            <div class=\"n2-ss-slider-2 n2-ow\">\n                <div class=\"n2-ss-slide-backgrounds n2-ow-all\"><div class=\"n2-ss-slide-background\" data-public-id=\"1\" data-mode=\"fill\"><div class=\"n2-ss-slide-background-image\" data-blur=\"0\" data-opacity=\"100\" data-x=\"50\" data-y=\"89\" data-alt=\"\" data-title=\"\" style=\"--ss-o-pos-y:89%\"><picture class=\"skip-lazy\" data-skip-lazy=\"1\"><img decoding=\"async\" src=\"\/\/www.eniware-systems.de\/wp-content\/uploads\/2026\/01\/Banner-1.png\" alt=\"\" title=\"\" loading=\"lazy\" class=\"skip-lazy\" data-skip-lazy=\"1\"><\/picture><\/div><div data-color=\"RGBA(255,255,255,0)\" style=\"background-color: RGBA(255,255,255,0);\" class=\"n2-ss-slide-background-color\"><\/div><\/div><\/div>                <div class=\"n2-ss-slider-3 n2-ow\">\n                    <svg xmlns=\"http:\/\/www.w3.org\/2000\/svg\" viewbox=\"0 0 1275 476\" data-related-device=\"desktopPortrait\" class=\"n2-ow n2-ss-preserve-size n2-ss-preserve-size--slider n2-ss-slide-limiter\"><\/svg><div data-first=\"1\" data-slide-duration=\"0\" data-id=\"11\" data-slide-public-id=\"1\" data-title=\"5355062660737131134\" class=\"n2-ss-slide n2-ow  n2-ss-slide-11\"><div role=\"note\" class=\"n2-ss-slide--focus\" tabindex=\"-1\">5355062660737131134<\/div><div class=\"n2-ss-layers-container n2-ss-slide-limiter n2-ow\"><div class=\"n2-ss-layer n2-ow n-uc-vIlYRUmWXBop\" data-sstype=\"slide\" data-pm=\"default\"><div class=\"n2-ss-layer n2-ow n-uc-vnwMbPTOPwaf\" data-pm=\"default\" data-sstype=\"content\" data-hasbackground=\"0\"><div class=\"n2-ss-section-main-content n2-ss-layer-with-background n2-ss-layer-content n2-ow n-uc-vnwMbPTOPwaf-inner\"><div class=\"n2-ss-layer n2-ow n-uc-shJsO6QsNvWP\" data-pm=\"normal\" data-sstype=\"layer\"><div class=\"n2-ss-item-content n2-ss-text n2-ow-all\"><div class=\"\"><\/div><\/div><\/div><div class=\"n2-ss-layer n2-ow n2-ss-layer--block n2-ss-has-self-align n-uc-1bd74a138b95c\" data-pm=\"normal\" data-sstype=\"row\"><div class=\"n2-ss-layer-row n2-ss-layer-with-background n-uc-1bd74a138b95c-inner\"><div class=\"n2-ss-layer-row-inner\"><div class=\"n2-ss-layer n2-ow n-uc-145e74421d77b\" data-pm=\"default\" data-sstype=\"col\"><div class=\"n2-ss-layer-col n2-ss-layer-with-background n2-ss-layer-content n-uc-145e74421d77b-inner\"><\/div><\/div><div class=\"n2-ss-layer n2-ow n-uc-1274c840af540\" data-pm=\"default\" data-sstype=\"col\"><div class=\"n2-ss-layer-col n2-ss-layer-with-background n2-ss-layer-content n-uc-1274c840af540-inner\"><\/div><\/div><\/div><\/div><\/div><div class=\"n2-ss-layer n2-ow n-uc-jYgDT3ZciPmZ\" data-pm=\"normal\" data-sstype=\"layer\"><div class=\"n2-ss-item-image-content n2-ss-item-content n2-ow-all\"><img decoding=\"async\" id=\"n2-ss-3item2\" alt=\"\" class=\"skip-lazy\" style=\"width:1000px;height:auto\" data-skip-lazy=\"1\" src=\"\/\/www.eniware-systems.de\/wp-content\/uploads\/2026\/01\/eniware_logo.svg\" \/><\/div><\/div><div class=\"n2-ss-layer n2-ow n2-ss-layer--block n2-ss-has-self-align n-uc-1d20aa0cff8e7\" data-pm=\"normal\" data-sstype=\"row\"><div class=\"n2-ss-layer-row n2-ss-layer-with-background n-uc-1d20aa0cff8e7-inner\"><div class=\"n2-ss-layer-row-inner\"><div class=\"n2-ss-layer n2-ow n-uc-177c32d792e7f\" data-pm=\"default\" data-hidemobileportrait=\"1\" data-sstype=\"col\"><div class=\"n2-ss-layer-col n2-ss-layer-with-background n2-ss-layer-content n-uc-177c32d792e7f-inner\"><div class=\"n2-ss-layer n2-ow n2-ss-layer--block n2-ss-has-self-align n-uc-12bb807a83b9e\" data-pm=\"normal\" data-sstype=\"row\"><div class=\"n2-ss-layer-row n2-ss-layer-with-background n-uc-12bb807a83b9e-inner\"><div class=\"n2-ss-layer-row-inner\"><div class=\"n2-ss-layer n2-ow n-uc-16c52121528cf\" data-pm=\"default\" data-sstype=\"col\"><div class=\"n2-ss-layer-col n2-ss-layer-with-background n2-ss-layer-content n-uc-16c52121528cf-inner\"><\/div><\/div><div class=\"n2-ss-layer n2-ow n-uc-18ff665379de7\" data-pm=\"default\" data-sstype=\"col\"><div class=\"n2-ss-layer-col n2-ss-layer-with-background n2-ss-layer-content n-uc-18ff665379de7-inner\"><\/div><\/div><\/div><\/div><\/div><\/div><\/div><div class=\"n2-ss-layer n2-ow n-uc-134dde385fb41\" data-pm=\"default\" data-hidemobileportrait=\"1\" data-sstype=\"col\"><div class=\"n2-ss-layer-col n2-ss-layer-with-background n2-ss-layer-content n-uc-134dde385fb41-inner\"><\/div><\/div><\/div><\/div><\/div><div class=\"n2-ss-layer n2-ow n2-ss-layer--block n2-ss-has-self-align n-uc-1a5c0ce955b2f\" data-pm=\"normal\" data-sstype=\"row\"><div class=\"n2-ss-layer-row n2-ss-layer-with-background n-uc-1a5c0ce955b2f-inner\"><div class=\"n2-ss-layer-row-inner\"><div class=\"n2-ss-layer n2-ow n-uc-122fb5e21d72d\" data-pm=\"default\" data-sstype=\"col\"><div class=\"n2-ss-layer-col n2-ss-layer-with-background n2-ss-layer-content n-uc-122fb5e21d72d-inner\"><\/div><\/div><div class=\"n2-ss-layer n2-ow n-uc-144b488fdd2e1\" data-pm=\"default\" data-sstype=\"col\"><div class=\"n2-ss-layer-col n2-ss-layer-with-background n2-ss-layer-content n-uc-144b488fdd2e1-inner\"><div class=\"n2-ss-layer n2-ow n-uc-vsVd3CBM7Q01\" data-pm=\"normal\" data-sstype=\"layer\"><div class=\"n2-ss-item-content n2-ss-text n2-ow-all\"><div class=\"\"><p class=\"n2-font-e1257ecb00755e44017084c5f24c3d12-paragraph  n2-style-b35834208f56f667ace2a5559dad8be2-heading\">unk\u00fcnstliche Intelligenz.<\/p>\n<\/div><\/div><\/div><div class=\"n2-ss-layer n2-ow n-uc-Cg4C3yBEhTFZ\" data-pm=\"normal\" data-sstype=\"layer\"><div class=\"n2-ss-item-content n2-ss-text n2-ow-all\"><div class=\"\"><p class=\"n2-font-5fcb60274ae77c5a587b0e5f4706e8d3-paragraph  n2-style-b35834208f56f667ace2a5559dad8be2-heading\">echte L\u00f6sungen f\u00fcr alle Herausforderungen.<\/p>\n<\/div><\/div><\/div><\/div><\/div><div class=\"n2-ss-layer n2-ow n-uc-1b5248ad30805\" data-pm=\"default\" data-sstype=\"col\"><div class=\"n2-ss-layer-col n2-ss-layer-with-background n2-ss-layer-content n-uc-1b5248ad30805-inner\"><\/div><\/div><\/div><\/div><\/div><\/div><\/div><\/div><\/div><\/div>                <\/div>\n                            <\/div>\n        <\/div>\n        <\/div><ss3-loader><\/ss3-loader><\/div><\/div><div class=\"n2_clear\"><\/div><\/div><\/ss3-force-full-width><\/div>\n\n<div class=\"wp-block-template-part\">\n<hr class=\"wp-block-separator has-alpha-channel-opacity is-style-wide\" style=\"height:2px;margin-top:0;margin-bottom:var(--wp--preset--spacing--10)\"\/>\n\n\n\n<p><\/p>\n<\/div>\n\n\n<div class=\"wp-block-group alignfull has-global-padding is-layout-constrained wp-container-core-group-is-layout-11 wp-block-group-is-layout-constrained\" style=\"margin-top:0;margin-bottom:0;padding-top:var(--wp--preset--spacing--20);padding-right:var(--wp--preset--spacing--50);padding-bottom:var(--wp--preset--spacing--20);padding-left:var(--wp--preset--spacing--50)\">\n<div class=\"wp-block-group alignfull has-global-padding is-layout-constrained wp-container-core-group-is-layout-2 wp-block-group-is-layout-constrained\" id=\"unsere-leistungen\" style=\"padding-top:0;padding-right:var(--wp--preset--spacing--50);padding-bottom:0;padding-left:var(--wp--preset--spacing--50)\">\n<div class=\"wp-block-group has-global-padding is-layout-constrained wp-container-core-group-is-layout-1 wp-block-group-is-layout-constrained\">\n<h1 class=\"wp-block-heading has-text-align-center has-xx-large-font-size\" style=\"margin-top:var(--wp--preset--spacing--40);margin-bottom:var(--wp--preset--spacing--40)\">Our Services<\/h1>\n\n\n\n<hr class=\"wp-block-separator has-alpha-channel-opacity\"\/>\n<\/div>\n<\/div>\n\n\n\n<div class=\"wp-block-group alignwide has-global-padding is-layout-constrained wp-container-core-group-is-layout-10 wp-block-group-is-layout-constrained\">\n<div class=\"wp-block-group alignwide tw-shadow has-global-padding is-layout-constrained wp-container-core-group-is-layout-3 wp-block-group-is-layout-constrained tw-block-animation tw-animation-fade-in-up\" id=\"consulting-und-strategien\" style=\"border-radius:15px;padding-top:var(--wp--preset--spacing--20);padding-right:var(--wp--preset--spacing--20);padding-bottom:var(--wp--preset--spacing--20);padding-left:var(--wp--preset--spacing--20)\">\n<div class=\"wp-block-columns alignwide are-vertically-aligned-center is-layout-flex wp-container-core-columns-is-layout-1 wp-block-columns-is-layout-flex\">\n<div class=\"wp-block-column is-vertically-aligned-center is-layout-flow wp-block-column-is-layout-flow\" style=\"--col-width:50%;flex-basis:50%\">\n<h3 class=\"wp-block-heading is-style-default\" style=\"font-size:clamp(18px, 1.125rem + ((1vw - 3.2px) * 0.625), 24px);\">Consulting and Strategies<\/h3>\n\n\n\n<p style=\"font-size:16px;line-height:1.8\">At Eniware Systems, we make it a priority to understand your problem before we talk about technology. <\/p>\n\n\n\n<p style=\"font-size:16px;line-height:1.8\">In many IT projects, technology stacks often take center stage, but this often leads to inappropriate architectures and inefficient solutions. Our philosophy is not to sail under any specific technology flag. <\/p>\n\n\n\n<p style=\"font-size:16px;line-height:1.8\">Instead, we offer you pragmatic, needs-based recommendations based on in-depth technical expertise. This gives you the certainty that the decisions made are based on sound foundations and meet your exact requirements.<\/p>\n<\/div>\n\n\n\n<div class=\"wp-block-column is-vertically-aligned-center is-style-default is-layout-flow wp-block-column-is-layout-flow\" style=\"--col-width:50%;flex-basis:50%\">\n<div style=\"height:13px\" aria-hidden=\"true\" class=\"wp-block-spacer\"><\/div>\n\n\n\n<figure class=\"wp-block-image alignright size-full is-resized is-style-rounded wp-duotone-unset-1 is-style-rounded--cfb6597b487002f44a88e10420c0bbc2\"><img loading=\"lazy\" decoding=\"async\" width=\"1200\" height=\"800\" src=\"https:\/\/eniware-systems.com\/wp-content\/uploads\/2024\/09\/unsplash_3fPXt37X6UQ.png\" alt=\"\" class=\"wp-image-349\" style=\"object-fit:cover;width:540px;height:350px\" srcset=\"https:\/\/eniware-systems.com\/wp-content\/uploads\/2024\/09\/unsplash_3fPXt37X6UQ.png 1200w, https:\/\/eniware-systems.com\/wp-content\/uploads\/2024\/09\/unsplash_3fPXt37X6UQ-300x200.png 300w, https:\/\/eniware-systems.com\/wp-content\/uploads\/2024\/09\/unsplash_3fPXt37X6UQ-1024x683.png 1024w, https:\/\/eniware-systems.com\/wp-content\/uploads\/2024\/09\/unsplash_3fPXt37X6UQ-768x512.png 768w, https:\/\/eniware-systems.com\/wp-content\/uploads\/2024\/09\/unsplash_3fPXt37X6UQ-18x12.png 18w\" sizes=\"(max-width: 1200px) 100vw, 1200px\" \/><\/figure>\n<\/div>\n<\/div>\n<\/div>\n\n\n\n<div style=\"height:58px\" aria-hidden=\"true\" class=\"wp-block-spacer\"><\/div>\n\n\n\n<hr class=\"wp-block-separator has-alpha-channel-opacity\"\/>\n\n\n\n<div style=\"height:58px\" aria-hidden=\"true\" class=\"wp-block-spacer\"><\/div>\n\n\n\n<div class=\"wp-block-group alignwide has-base-background-color has-background tw-shadow has-global-padding is-layout-constrained wp-container-core-group-is-layout-4 wp-block-group-is-layout-constrained tw-block-animation tw-animation-fade-in\" id=\"individuelle-l\u00f6sungen\" style=\"border-style:none;border-width:0px;border-radius:15px;padding-top:var(--wp--preset--spacing--20);padding-right:var(--wp--preset--spacing--20);padding-bottom:var(--wp--preset--spacing--20);padding-left:var(--wp--preset--spacing--20)\">\n<div class=\"wp-block-columns alignwide are-vertically-aligned-center is-layout-flex wp-container-core-columns-is-layout-2 wp-block-columns-is-layout-flex\">\n<div class=\"wp-block-column is-vertically-aligned-center is-layout-flow wp-block-column-is-layout-flow\" style=\"--col-width:50%;flex-basis:50%\">\n<div style=\"height:40px\" aria-hidden=\"true\" class=\"wp-block-spacer\"><\/div>\n\n\n\n<figure class=\"wp-block-image aligncenter size-full is-resized has-custom-border is-style-rounded is-style-rounded--ab9129624d88eb4aa0b745ef082f66e6\"><img loading=\"lazy\" decoding=\"async\" width=\"1705\" height=\"1136\" src=\"https:\/\/eniware-systems.com\/wp-content\/uploads\/2024\/09\/pexels-fauxels-3183197-1.jpg\" alt=\"\" class=\"wp-image-355\" style=\"border-radius:25px;object-fit:contain;width:530px;height:350px\" srcset=\"https:\/\/eniware-systems.com\/wp-content\/uploads\/2024\/09\/pexels-fauxels-3183197-1.jpg 1705w, https:\/\/eniware-systems.com\/wp-content\/uploads\/2024\/09\/pexels-fauxels-3183197-1-300x200.jpg 300w, https:\/\/eniware-systems.com\/wp-content\/uploads\/2024\/09\/pexels-fauxels-3183197-1-1024x682.jpg 1024w, https:\/\/eniware-systems.com\/wp-content\/uploads\/2024\/09\/pexels-fauxels-3183197-1-768x512.jpg 768w, https:\/\/eniware-systems.com\/wp-content\/uploads\/2024\/09\/pexels-fauxels-3183197-1-1536x1023.jpg 1536w, https:\/\/eniware-systems.com\/wp-content\/uploads\/2024\/09\/pexels-fauxels-3183197-1-18x12.jpg 18w\" sizes=\"(max-width: 1705px) 100vw, 1705px\" \/><\/figure>\n<\/div>\n\n\n\n<div class=\"wp-block-column is-vertically-aligned-center is-layout-flow wp-block-column-is-layout-flow\" style=\"--col-width:50%;flex-basis:50%\">\n<h3 class=\"wp-block-heading is-style-default\" style=\"font-size:clamp(18px, 1.125rem + ((1vw - 3.2px) * 0.833), 26px);\">Individual Solutions<\/h3>\n\n\n\n<p style=\"font-size:16px;line-height:1.8\">Every company has its own challenges - and that's exactly why we develop customized IT solutions that are perfectly tailored to your needs. <\/p>\n\n\n\n<p style=\"font-size:16px;line-height:1.8\">Instead of relying on standard solutions, we combine proven technologies with innovative approaches to create systems that meet your specific requirements and open up new possibilities. <\/p>\n\n\n\n<p style=\"font-size:16px;line-height:1.8\">From process optimization to the development of completely new software solutions - we ensure that your IT landscape remains efficient and scalable not only today, but also in the future.<\/p>\n<\/div>\n<\/div>\n<\/div>\n\n\n\n<div style=\"height:58px\" aria-hidden=\"true\" class=\"wp-block-spacer\"><\/div>\n\n\n\n<hr class=\"wp-block-separator has-alpha-channel-opacity\"\/>\n\n\n\n<div style=\"height:58px\" aria-hidden=\"true\" class=\"wp-block-spacer\"><\/div>\n\n\n\n<div class=\"wp-block-group alignwide tw-shadow has-global-padding is-layout-constrained wp-container-core-group-is-layout-5 wp-block-group-is-layout-constrained tw-block-animation tw-animation-fade-in-up\" id=\"backend-development\" style=\"border-radius:15px;padding-top:var(--wp--preset--spacing--20);padding-right:var(--wp--preset--spacing--20);padding-bottom:var(--wp--preset--spacing--20);padding-left:var(--wp--preset--spacing--20)\">\n<div class=\"wp-block-columns alignwide are-vertically-aligned-center is-layout-flex wp-container-core-columns-is-layout-3 wp-block-columns-is-layout-flex\">\n<div class=\"wp-block-column is-vertically-aligned-center is-layout-flow wp-block-column-is-layout-flow\" style=\"--col-width:50%;flex-basis:50%\">\n<h3 class=\"wp-block-heading is-style-default\" style=\"font-size:clamp(18px, 1.125rem + ((1vw - 3.2px) * 0.625), 24px);\">Backend Development<\/h3>\n\n\n\n<p style=\"font-size:16px;line-height:1.8\">Your Backend is the backbone of your IT infrastructure, critical for building robust, secure, and scalable systems. We design flexible architectures, optimize databases, and utilize modern technologies like Kubernetes and Docker. APIs are seamlessly integrated, microservices ensure modular flexibility, and data flows are efficiently managed. Our solutions include optimized databases for high performance, data protection concepts with encryption, and role-based access control (RBAC). We also provide Managed Services, including SLA-based maintenance and support.<\/p>\n\n\n\n<p style=\"font-size:16px;line-height:1.8\">In addition, we modernize legacy systems, design CI\/CD pipelines for continuous updates, and create architectures that adapt to evolving requirements. This ensures not only stability but also a solid foundation for future growth.<\/p>\n<\/div>\n\n\n\n<div class=\"wp-block-column is-vertically-aligned-center is-style-default is-layout-flow wp-block-column-is-layout-flow\" style=\"--col-width:50%;flex-basis:50%\">\n<div style=\"height:13px\" aria-hidden=\"true\" class=\"wp-block-spacer\"><\/div>\n\n\n\n<figure class=\"wp-block-image alignright size-full is-resized is-style-rounded wp-duotone-unset-2 is-style-rounded--30fba801f3f13f08637480c9f3ae6096\"><img loading=\"lazy\" decoding=\"async\" width=\"1200\" height=\"802\" src=\"https:\/\/eniware-systems.com\/wp-content\/uploads\/2024\/09\/unsplash_TamMbr4okv4.png\" alt=\"\" class=\"wp-image-341\" style=\"object-fit:cover;width:540px;height:350px\" srcset=\"https:\/\/eniware-systems.com\/wp-content\/uploads\/2024\/09\/unsplash_TamMbr4okv4.png 1200w, https:\/\/eniware-systems.com\/wp-content\/uploads\/2024\/09\/unsplash_TamMbr4okv4-300x201.png 300w, https:\/\/eniware-systems.com\/wp-content\/uploads\/2024\/09\/unsplash_TamMbr4okv4-1024x684.png 1024w, https:\/\/eniware-systems.com\/wp-content\/uploads\/2024\/09\/unsplash_TamMbr4okv4-768x513.png 768w, https:\/\/eniware-systems.com\/wp-content\/uploads\/2024\/09\/unsplash_TamMbr4okv4-18x12.png 18w\" sizes=\"(max-width: 1200px) 100vw, 1200px\" \/><\/figure>\n<\/div>\n<\/div>\n<\/div>\n\n\n\n<div style=\"height:58px\" aria-hidden=\"true\" class=\"wp-block-spacer\"><\/div>\n\n\n\n<hr class=\"wp-block-separator has-alpha-channel-opacity\"\/>\n\n\n\n<div style=\"height:58px\" aria-hidden=\"true\" class=\"wp-block-spacer\"><\/div>\n\n\n\n<div class=\"wp-block-group alignwide tw-shadow has-global-padding is-layout-constrained wp-container-core-group-is-layout-6 wp-block-group-is-layout-constrained tw-block-animation tw-animation-fade-in-up\" id=\"frontend-development\" style=\"border-radius:15px;padding-top:var(--wp--preset--spacing--20);padding-right:var(--wp--preset--spacing--20);padding-bottom:var(--wp--preset--spacing--20);padding-left:var(--wp--preset--spacing--20)\">\n<div class=\"wp-block-columns alignwide are-vertically-aligned-center is-layout-flex wp-container-core-columns-is-layout-4 wp-block-columns-is-layout-flex\">\n<div class=\"wp-block-column is-vertically-aligned-center is-style-default is-layout-flow wp-block-column-is-layout-flow\" style=\"--col-width:50%;flex-basis:50%\">\n<div style=\"height:13px\" aria-hidden=\"true\" class=\"wp-block-spacer\"><\/div>\n\n\n\n<figure class=\"wp-block-image alignright size-full is-resized is-style-rounded wp-duotone-unset-3 is-style-rounded--fcecd73199cb56ecfd9cca25fda2bc33\"><img loading=\"lazy\" decoding=\"async\" width=\"1125\" height=\"750\" src=\"https:\/\/eniware-systems.com\/wp-content\/uploads\/2025\/01\/pexels-photo-169573.jpeg\" alt=\"\" class=\"wp-image-456\" style=\"object-fit:cover;width:540px;height:350px\" srcset=\"https:\/\/eniware-systems.com\/wp-content\/uploads\/2025\/01\/pexels-photo-169573.jpeg 1125w, https:\/\/eniware-systems.com\/wp-content\/uploads\/2025\/01\/pexels-photo-169573-300x200.jpeg 300w, https:\/\/eniware-systems.com\/wp-content\/uploads\/2025\/01\/pexels-photo-169573-1024x683.jpeg 1024w, https:\/\/eniware-systems.com\/wp-content\/uploads\/2025\/01\/pexels-photo-169573-768x512.jpeg 768w, https:\/\/eniware-systems.com\/wp-content\/uploads\/2025\/01\/pexels-photo-169573-18x12.jpeg 18w\" sizes=\"(max-width: 1125px) 100vw, 1125px\" \/><\/figure>\n<\/div>\n\n\n\n<div class=\"wp-block-column is-vertically-aligned-center is-layout-flow wp-block-column-is-layout-flow\" style=\"--col-width:50%;flex-basis:50%\">\n<h3 class=\"wp-block-heading is-style-default\" style=\"font-size:clamp(18px, 1.125rem + ((1vw - 3.2px) * 0.625), 24px);\">Frontend Development<\/h3>\n\n\n\n<p style=\"font-size:16px;line-height:1.8\">The Frontend connects users with technology, bringing the strengths of a powerful Backend to life.<\/p>\n\n\n\n<p style=\"font-size:16px;line-height:1.8\">While our core focus lies in complex Backend solutions, we develop frontends that perfectly complement them. With expertise in full system architecture, we create interfaces that are both functional and intuitive. Using modern frameworks, we build cross-platform applications that perform seamlessly and fully leverage your Backend solutions.<\/p>\n\n\n\n<p style=\"font-size:16px;line-height:1.8\">Our goal: Frontends that make complexity invisible\u2014user-friendly, scalable, and efficient.<\/p>\n<\/div>\n<\/div>\n<\/div>\n\n\n\n<div style=\"height:58px\" aria-hidden=\"true\" class=\"wp-block-spacer\"><\/div>\n\n\n\n<hr class=\"wp-block-separator has-alpha-channel-opacity\"\/>\n\n\n\n<div class=\"wp-block-group alignwide tw-shadow has-global-padding is-layout-constrained wp-container-core-group-is-layout-7 wp-block-group-is-layout-constrained tw-block-animation tw-animation-fade-in\" id=\"technologische-unabh\u00e4ngigkeit\" style=\"border-radius:15px;margin-top:0;margin-bottom:0;padding-top:var(--wp--preset--spacing--20);padding-right:var(--wp--preset--spacing--20);padding-bottom:var(--wp--preset--spacing--20);padding-left:var(--wp--preset--spacing--20)\">\n<div class=\"wp-block-columns alignwide are-vertically-aligned-center is-layout-flex wp-container-core-columns-is-layout-5 wp-block-columns-is-layout-flex\">\n<div class=\"wp-block-column is-vertically-aligned-center is-layout-flow wp-block-column-is-layout-flow\" style=\"--col-width:50%;flex-basis:50%\">\n<h3 class=\"wp-block-heading is-style-default\" style=\"font-size:clamp(18px, 1.125rem + ((1vw - 3.2px) * 0.625), 24px);\">Technological Independence<\/h3>\n\n\n\n<p style=\"font-size:16px;line-height:1.8\">For us, technological innovation and data sovereignty go hand in hand. With a clear focus on the latest technologies such as cloud structures and AI systems, we develop solutions that maximize both your data security and your independence. Through our philosophy of self-management and the use of open source solutions, we optimize your critical business processes without leading you into expensive dependencies. This keeps your data in your hands while making your IT infrastructure secure, flexible and cost-efficient.\nWith us at your side, you benefit from technical excellence and an IT strategy that guarantees long-term security and independence. <br>Mit uns an Ihrer Seite profitieren Sie von technischer Exzellenz und einer IT-Strategie, die langfristige Sicherheit und Unabh\u00e4ngigkeit gew\u00e4hrleistet.<\/p>\n<\/div>\n\n\n\n<div class=\"wp-block-column is-vertically-aligned-center is-layout-flow wp-block-column-is-layout-flow\" style=\"--col-width:50%;flex-basis:50%\">\n<div style=\"height:24px\" aria-hidden=\"true\" class=\"wp-block-spacer\"><\/div>\n\n\n\n<figure class=\"wp-block-image alignleft size-full is-resized is-style-rounded is-style-rounded--7b2411156d1201e2c5cd62805ff26790\"><img loading=\"lazy\" decoding=\"async\" width=\"1841\" height=\"1227\" src=\"https:\/\/eniware-systems.com\/wp-content\/uploads\/2024\/09\/pexels-markus-winkler-1430818-18.jpg\" alt=\"\" class=\"wp-image-356\" style=\"object-fit:cover;width:530px;height:350px\" srcset=\"https:\/\/eniware-systems.com\/wp-content\/uploads\/2024\/09\/pexels-markus-winkler-1430818-18.jpg 1841w, https:\/\/eniware-systems.com\/wp-content\/uploads\/2024\/09\/pexels-markus-winkler-1430818-18-300x200.jpg 300w, https:\/\/eniware-systems.com\/wp-content\/uploads\/2024\/09\/pexels-markus-winkler-1430818-18-1024x682.jpg 1024w, https:\/\/eniware-systems.com\/wp-content\/uploads\/2024\/09\/pexels-markus-winkler-1430818-18-768x512.jpg 768w, https:\/\/eniware-systems.com\/wp-content\/uploads\/2024\/09\/pexels-markus-winkler-1430818-18-1536x1024.jpg 1536w, https:\/\/eniware-systems.com\/wp-content\/uploads\/2024\/09\/pexels-markus-winkler-1430818-18-18x12.jpg 18w\" sizes=\"(max-width: 1841px) 100vw, 1841px\" \/><\/figure>\n<\/div>\n<\/div>\n<\/div>\n\n\n\n<div style=\"height:58px\" aria-hidden=\"true\" class=\"wp-block-spacer\"><\/div>\n\n\n\n\n<\/div>\n<\/div>","protected":false},"excerpt":{"rendered":"<p>Unsere Leistungen Consulting und Strategien Bei Eniware Systems legen wir besonderen Wert darauf, zuerst Ihr Problem zu verstehen, bevor wir \u00fcber Technologie sprechen. In vielen IT-Projekten stehen Technologie-Stacks oft im Vordergrund, aber das f\u00fchrt h\u00e4ufig zu unpassenden Architekturen und ineffizienten L\u00f6sungen. Unsere Philosophie ist es, unter keiner spezifischen Technologie-Flagge zu segeln. Wir bieten Ihnen stattdessen [&hellip;]<\/p>\n","protected":false},"author":3,"featured_media":0,"parent":0,"menu_order":0,"comment_status":"closed","ping_status":"closed","template":"","meta":{"inline_featured_image":false,"footnotes":""},"class_list":["post-318","page","type-page","status-publish","hentry"],"_links":{"self":[{"href":"https:\/\/eniware-systems.com\/en\/wp-json\/wp\/v2\/pages\/318"}],"collection":[{"href":"https:\/\/eniware-systems.com\/en\/wp-json\/wp\/v2\/pages"}],"about":[{"href":"https:\/\/eniware-systems.com\/en\/wp-json\/wp\/v2\/types\/page"}],"author":[{"embeddable":true,"href":"https:\/\/eniware-systems.com\/en\/wp-json\/wp\/v2\/users\/3"}],"replies":[{"embeddable":true,"href":"https:\/\/eniware-systems.com\/en\/wp-json\/wp\/v2\/comments?post=318"}],"version-history":[{"count":10,"href":"https:\/\/eniware-systems.com\/en\/wp-json\/wp\/v2\/pages\/318\/revisions"}],"predecessor-version":[{"id":462,"href":"https:\/\/eniware-systems.com\/en\/wp-json\/wp\/v2\/pages\/318\/revisions\/462"}],"wp:attachment":[{"href":"https:\/\/eniware-systems.com\/en\/wp-json\/wp\/v2\/media?parent=318"}],"curies":[{"name":"wp","href":"https:\/\/api.w.org\/{rel}","templated":true}]}}