{"id":95,"date":"2024-06-08T11:52:57","date_gmt":"2024-06-08T09:52:57","guid":{"rendered":"https:\/\/eniware-systems.com\/?page_id=95"},"modified":"2026-04-01T12:19:59","modified_gmt":"2026-04-01T10:19:59","slug":"impressum","status":"publish","type":"page","link":"https:\/\/eniware-systems.com\/de\/impressum\/","title":{"rendered":"Impressum"},"content":{"rendered":"<h1 style=\"margin-top:60px;margin-bottom:35px;\" class=\"wp-block-post-title\">Impressum<\/h1>\n\n\n<h4 class=\"wp-block-heading\">Angaben gem\u00e4\u00df \u00a7 5 DDG<\/h4>\n\n\n\n<p><strong>Eniware Systems GmbH<\/strong><\/p>\n\n\n\n<p>Rothestra\u00dfe 20<br>22765 Hamburg<\/p>\n\n\n\n<p><strong>Handelsregister:<\/strong>&nbsp;HRB 169769<br><strong>Registergericht:<\/strong>&nbsp;Amtsgericht Hamburg<\/p>\n\n\n\n<p><strong>Vertreten durch:<\/strong>&nbsp;Marcus von Keil (Gesch\u00e4ftsf\u00fchrer)<\/p>\n\n\n\n<p><strong>Telefon:<\/strong>&nbsp;+49 (0) 40 23 96 86 02<br><strong>E-Mail:<\/strong>&nbsp;<a href=\"mailto:info@eniware-systems.de\">info@eniware-systems.de<\/a><\/p>\n\n\n\n<p><strong>Umsatzsteuer-Identifikationsnummer gem\u00e4\u00df \u00a7 27 a Umsatzsteuergesetz:<\/strong> DE344180160<\/p>\n\n\n\n<h4 class=\"wp-block-heading\">Angaben zur Berufshaftpflichtversicherung<\/h4>\n\n\n\n<p><strong>Name und Sitz des Versicherers:<\/strong><\/p>\n\n\n\n<p>Hiscox SA<br>Amulfstra\u00dfe 31<br>80636 M\u00fcnchen<\/p>\n\n\n\n<p><strong>Geltungsraum der Versicherung:<\/strong><\/p>\n\n\n\n<p>Deutschland<\/p>\n\n\n\n<h4 class=\"wp-block-heading\">EU-Streitschlichtung<\/h4>\n\n\n\n<p>Die Europ\u00e4ische Kommission stellt eine Plattform zur Online-Streitbeilegung (OS) bereit: https:\/\/ec.europa.eu\/consumers\/odr.<br>Unsere E-Mail-Adresse finden Sie oben im Impressum.<\/p>\n\n\n\n<p><strong>Verbraucher\u00adstreit\u00adbeilegung\/Universal\u00adschlichtungs\u00adstelle<\/strong><\/p>\n\n\n\n<p>Wir sind nicht bereit oder verpflichtet, an Streitbeilegungsverfahren vor einer Verbraucherschlichtungsstelle teilzunehmen.<\/p>\n\n\n\n<div style=\"height:var(--wp--preset--spacing--40)\" aria-hidden=\"true\" class=\"wp-block-spacer\"><\/div>\n","protected":false},"excerpt":{"rendered":"<p>Angaben gem\u00e4\u00df \u00a7 5 DDG Eniware Systems GmbH Rothestra\u00dfe 2022765 Hamburg Handelsregister:&nbsp;HRB 169769Registergericht:&nbsp;Amtsgericht Hamburg Vertreten durch:&nbsp;Marcus von Keil (Gesch\u00e4ftsf\u00fchrer) Telefon:&nbsp;+49 (0) 40 23 96 86 02E-Mail:&nbsp;info@eniware-systems.de Umsatzsteuer-Identifikationsnummer gem\u00e4\u00df \u00a7 27 a Umsatzsteuergesetz: DE344180160 Angaben zur Berufshaftpflichtversicherung Name und Sitz des Versicherers: Hiscox SAAmulfstra\u00dfe 3180636 M\u00fcnchen Geltungsraum der Versicherung: Deutschland EU-Streitschlichtung Die Europ\u00e4ische Kommission stellt eine [&hellip;]<\/p>\n","protected":false},"author":1,"featured_media":0,"parent":0,"menu_order":0,"comment_status":"closed","ping_status":"closed","template":"","meta":{"inline_featured_image":false,"footnotes":""},"class_list":["post-95","page","type-page","status-publish","hentry"],"_links":{"self":[{"href":"https:\/\/eniware-systems.com\/de\/wp-json\/wp\/v2\/pages\/95"}],"collection":[{"href":"https:\/\/eniware-systems.com\/de\/wp-json\/wp\/v2\/pages"}],"about":[{"href":"https:\/\/eniware-systems.com\/de\/wp-json\/wp\/v2\/types\/page"}],"author":[{"embeddable":true,"href":"https:\/\/eniware-systems.com\/de\/wp-json\/wp\/v2\/users\/1"}],"replies":[{"embeddable":true,"href":"https:\/\/eniware-systems.com\/de\/wp-json\/wp\/v2\/comments?post=95"}],"version-history":[{"count":12,"href":"https:\/\/eniware-systems.com\/de\/wp-json\/wp\/v2\/pages\/95\/revisions"}],"predecessor-version":[{"id":517,"href":"https:\/\/eniware-systems.com\/de\/wp-json\/wp\/v2\/pages\/95\/revisions\/517"}],"wp:attachment":[{"href":"https:\/\/eniware-systems.com\/de\/wp-json\/wp\/v2\/media?parent=95"}],"curies":[{"name":"wp","href":"https:\/\/api.w.org\/{rel}","templated":true}]}}